{"id":60,"date":"2024-03-04T08:59:51","date_gmt":"2024-03-04T08:59:51","guid":{"rendered":"https:\/\/shthemes.net\/demosd\/zex\/?page_id=60"},"modified":"2025-06-21T15:53:27","modified_gmt":"2025-06-21T12:53:27","slug":"blog","status":"publish","type":"page","link":"https:\/\/www.quorli.com\/et\/blog\/","title":{"rendered":"Blogi"},"content":{"rendered":"<div data-elementor-type=\"wp-page\" data-elementor-id=\"60\" class=\"elementor elementor-60\" data-elementor-post-type=\"page\">\n\t\t\t\t\t\t<section class=\"elementor-section elementor-top-section elementor-element elementor-element-bfb06a4 elementor-section-full_width elementor-section-height-default elementor-section-height-default\" data-id=\"bfb06a4\" data-element_type=\"section\" data-e-type=\"section\">\n\t\t\t\t\t\t<div class=\"elementor-container elementor-column-gap-no\">\n\t\t\t\t\t<div class=\"elementor-column elementor-col-100 elementor-top-column elementor-element elementor-element-1ad34e5\" data-id=\"1ad34e5\" data-element_type=\"column\" data-e-type=\"column\">\n\t\t\t<div class=\"elementor-widget-wrap elementor-element-populated\">\n\t\t\t\t\t\t<div class=\"elementor-element elementor-element-2e9d53f elementor-align-left elementor-widget elementor-widget-bdevs-blog-grid\" data-id=\"2e9d53f\" data-element_type=\"widget\" data-e-type=\"widget\" data-widget_type=\"bdevs-blog-grid.default\">\n\t\t\t\t<div class=\"elementor-widget-container\">\n\t\t\t\t\t\r\n<section class=\"section blog\">\r\n\t<div class=\"container\">\r\n\t\t\t\t\t<div class=\"row align-items-center\">\r\n\t\t\t\t<div class=\"col-lg-12 mb-30\">\r\n\t\t\t\t\t<div class=\"section-title\">\r\n\t\t\t\t\t\t<h2 class=\"section-title__big text-white text-center\">\r\n\t\t\t\t\t\t\tBlogi\t\t\t\t\t\t<\/h2>\r\n\t\t\t\t\t<\/div>\r\n\t\t\t\t<\/div>\r\n\t\t\t<\/div>\r\n\t\t\t\t<div class=\"row\">\r\n\t\t\t\t\t\t\t\t\t\t\t\t<div class=\"col-12\" data-aos=\"fade-down-right\" data-aos-duration=\"3000\">\r\n\t\t\t\t\t\t<div class=\"blog-block blog-block--style2\">\r\n\t\t\t\t\t\t\t<div class=\"row align-items-center\">\r\n\t\t\t\t\t\t\t\t\t\t\t\t\t\t\t\t\t\t\t\t\t\t\t\t\t\t\t\t\t\t\t\t\t<div class=\"col-lg-12 mb-45\">\r\n\t\t\t\t\t\t\t\t\t\t\t\t\t\t\t\t\t\t<div class=\"blog-block__content\">\r\n\t\t\t\t\t\t\t\t\t\t\t<div class=\"blog-details__taglist\"><\/div>\r\n\t\t\t\t\t\t\t\t\t\t\t<h3 class=\"blog-block__heading mb-15\">\r\n\t\t\t\t\t\t\t\t\t\t\t\t<a class=\"blog-block__heading-link\" href=\"https:\/\/www.quorli.com\/et\/hello-world\/\">\r\n\t\t\t\t\t\t\t\t\t\t\t\t\tTere tulemast Quorli blogisse\t\t\t\t\t\t\t\t\t\t\t\t<\/a>\r\n\t\t\t\t\t\t\t\t\t\t\t<\/h3>\r\n\t\t\t\t\t\t\t\t\t\t\t<p class=\"blog-block__text black-100\">\r\n\t\t\t\t\t\t\t\t\t\t\t\t\t\t\t\t\t\t\t\t\t\t\t\t\t\t\t\t\t\t\t\t\t\t\t\t\t\tSiin uurime, kuidas tehisintellekt muudab loovust, tootlikkust ja digitaalset arengut.\nSiit leiad...\t\t\t\t\t\t\t\t\t\t\t\t\t\t\t\t\t\t\t\t\t\t\t<\/p>\r\n\t\t\t\t\t\t\t\t\t\t\t<div class=\"blog-block__meta mb-15\">\r\n\t\t\t\t\t\t\t\t\t\t\t\t<ul>\r\n\t\t\t\t\t\t\t\t\t\t\t\t\t<li>m\u00e4rts 22, 2025<\/li>\r\n\t\t\t\t\t\t\t\t\t\t\t\t\t<li>0 kommentaari<\/li>\r\n\t\t\t\t\t\t\t\t\t\t\t\t<\/ul>\r\n\t\t\t\t\t\t\t\t\t\t\t<\/div>\r\n\t\t\t\t\t\t\t\t\t\t\t\t\t\t\t\t\t\t\t\t\t\t\t<a href=\"https:\/\/www.quorli.com\/et\/hello-world\/\" class=\"blog-block__link\">\r\n\t\t\t\t\t\t\t\t\t\t\t\t\tLoe edasi\t\t\t\t\t\t\t\t\t\t\t\t\t\t\t\t\t\t\t\t\t\t\t\t\t\t\t<i>\r\n\t\t\t\t\t\t\t\t\t\t\t\t\t\t\t<img decoding=\"async\" src=\"https:\/\/shthemes.net\/demosd\/zex\/wp-content\/uploads\/2024\/03\/arrow-icon.svg\" alt=\"\">\r\n\t\t\t\t\t\t\t\t\t\t\t\t\t\t<\/i>\r\n\t\t\t\t\t\t\t\t\t\t\t\t\t\t\t\t\t\t\t\t\t\t\t\t\t<\/a>\r\n\t\t\t\t\t\t\t\t\t\t\t\t\t\t\t\t\t\t\t\t\t<\/div>\r\n\t\t\t\t\t\t\t\t\t<\/div>\r\n\t\t\t\t\t\t\t<\/div>\r\n\t\t\t\t\t\t<\/div>\r\n\t\t\t\t\t<\/div>\r\n\t\t\t\t\t\t\t\t\t\t\t\t\t\t\t\t\t\t\t\t\t\t\t\t\t\t\t\t\t\t<\/div>\r\n\t\t<div class=\"row\">\r\n\t\t\t\t\t\t\t\t\t\t\t\t\t\t\t\t\t\t\t<div class=\"col-lg-4 mb-30\" data-aos=\"fade-down-right\" data-aos-duration=\"3000\">\r\n\t\t\t\t\t\t<div class=\"blog-block blog-block--style2\">\r\n\t\t\t\t\t\t\t\t\t\t\t\t\t\t\t<div class=\"blog-block__image mb-20\">\r\n\t\t\t\t\t\t\t\t\t<a href=\"https:\/\/www.quorli.com\/et\/como-escribir-con-ia-sin-parecer-robot\/\"><img decoding=\"async\" class=\"border-radius-default\" src=\"https:\/\/www.quorli.com\/wp-content\/uploads\/2025\/04\/Escribir-con-IA-sin-parecer-robot.png\" alt=\"C\u00f3mo escribir con IA sin parecer robot\"><\/a>\r\n\t\t\t\t\t\t\t\t<\/div>\r\n\t\t\t\t\t\t\t\t\t\t\t\t\t\t<div class=\"blog-block__content\">\r\n\t\t\t\t\t\t\t\t<div class=\"blog-details__taglist\"><\/div>\r\n\t\t\t\t\t\t\t\t<h4 class=\"blog-block__heading mb-15\">\r\n\t\t\t\t\t\t\t\t\t<a class=\"blog-block__heading-link\" href=\"https:\/\/www.quorli.com\/et\/como-escribir-con-ia-sin-parecer-robot\/\">\r\n\t\t\t\t\t\t\t\t\t\tKuidas kirjutada tehisintellektiga, ilma robotina k\u00f5lamata\t\t\t\t\t\t\t\t\t<\/a>\r\n\t\t\t\t\t\t\t\t<\/h4>\r\n\t\t\t\t\t\t\t\t<div class=\"blog-block__meta border-bottom-0\">\r\n\t\t\t\t\t\t\t\t\t<ul>\r\n\t\t\t\t\t\t\t\t\t\t<li>aprill 26, 2025<\/li>\r\n\t\t\t\t\t\t\t\t\t\t<li>0 kommentaari<\/li>\r\n\t\t\t\t\t\t\t\t\t<\/ul>\r\n\t\t\t\t\t\t\t\t<\/div>\r\n\t\t\t\t\t\t\t\t\t\t\t\t\t\t\t\t\t<a href=\"https:\/\/www.quorli.com\/et\/como-escribir-con-ia-sin-parecer-robot\/\" class=\"blog-block__link\">\r\n\t\t\t\t\t\t\t\t\t\tLoe edasi\t\t\t\t\t\t\t\t\t\t\t\t\t\t\t\t\t\t\t\t\t<i>\r\n\t\t\t\t\t\t\t\t\t\t\t\t<img decoding=\"async\" src=\"https:\/\/shthemes.net\/demosd\/zex\/wp-content\/uploads\/2024\/03\/arrow-icon.svg\" alt=\"\">\r\n\t\t\t\t\t\t\t\t\t\t\t<\/i>\r\n\t\t\t\t\t\t\t\t\t\t\t\t\t\t\t\t\t\t\t<\/a>\r\n\t\t\t\t\t\t\t\t\t\t\t\t\t\t\t<\/div>\r\n\t\t\t\t\t\t<\/div>\r\n\t\t\t\t\t<\/div>\r\n\t\t\t\t\t\t\t\t\t\t\t\t\t\t\t\t<div class=\"col-lg-4 mb-30\" data-aos=\"fade-down-right\" data-aos-duration=\"3000\">\r\n\t\t\t\t\t\t<div class=\"blog-block blog-block--style2\">\r\n\t\t\t\t\t\t\t\t\t\t\t\t\t\t\t<div class=\"blog-block__image mb-20\">\r\n\t\t\t\t\t\t\t\t\t<a href=\"https:\/\/www.quorli.com\/et\/mejores-prompts-para-disenadores\/\"><img decoding=\"async\" class=\"border-radius-default\" src=\"https:\/\/www.quorli.com\/wp-content\/uploads\/2025\/04\/Prompts-para-disenadores.png\" alt=\"Mejores prompts para dise\u00f1adores\"><\/a>\r\n\t\t\t\t\t\t\t\t<\/div>\r\n\t\t\t\t\t\t\t\t\t\t\t\t\t\t<div class=\"blog-block__content\">\r\n\t\t\t\t\t\t\t\t<div class=\"blog-details__taglist\"><\/div>\r\n\t\t\t\t\t\t\t\t<h4 class=\"blog-block__heading mb-15\">\r\n\t\t\t\t\t\t\t\t\t<a class=\"blog-block__heading-link\" href=\"https:\/\/www.quorli.com\/et\/mejores-prompts-para-disenadores\/\">\r\n\t\t\t\t\t\t\t\t\t\tParimad prompt\u2019id disaineritele\t\t\t\t\t\t\t\t\t<\/a>\r\n\t\t\t\t\t\t\t\t<\/h4>\r\n\t\t\t\t\t\t\t\t<div class=\"blog-block__meta border-bottom-0\">\r\n\t\t\t\t\t\t\t\t\t<ul>\r\n\t\t\t\t\t\t\t\t\t\t<li>aprill 26, 2025<\/li>\r\n\t\t\t\t\t\t\t\t\t\t<li>0 kommentaari<\/li>\r\n\t\t\t\t\t\t\t\t\t<\/ul>\r\n\t\t\t\t\t\t\t\t<\/div>\r\n\t\t\t\t\t\t\t\t\t\t\t\t\t\t\t\t\t<a href=\"https:\/\/www.quorli.com\/et\/mejores-prompts-para-disenadores\/\" class=\"blog-block__link\">\r\n\t\t\t\t\t\t\t\t\t\tLoe edasi\t\t\t\t\t\t\t\t\t\t\t\t\t\t\t\t\t\t\t\t\t<i>\r\n\t\t\t\t\t\t\t\t\t\t\t\t<img decoding=\"async\" src=\"https:\/\/shthemes.net\/demosd\/zex\/wp-content\/uploads\/2024\/03\/arrow-icon.svg\" alt=\"\">\r\n\t\t\t\t\t\t\t\t\t\t\t<\/i>\r\n\t\t\t\t\t\t\t\t\t\t\t\t\t\t\t\t\t\t\t<\/a>\r\n\t\t\t\t\t\t\t\t\t\t\t\t\t\t\t<\/div>\r\n\t\t\t\t\t\t<\/div>\r\n\t\t\t\t\t<\/div>\r\n\t\t\t\t\t\t\t\t\t\t\t\t\t\t\t\t<div class=\"col-lg-4 mb-30\" data-aos=\"fade-down-right\" data-aos-duration=\"3000\">\r\n\t\t\t\t\t\t<div class=\"blog-block blog-block--style2\">\r\n\t\t\t\t\t\t\t\t\t\t\t\t\t\t\t<div class=\"blog-block__image mb-20\">\r\n\t\t\t\t\t\t\t\t\t<a href=\"https:\/\/www.quorli.com\/et\/ia-para-equipos-agiles-casos-reales\/\"><img decoding=\"async\" class=\"border-radius-default\" src=\"https:\/\/www.quorli.com\/wp-content\/uploads\/2025\/04\/IA-aplicada-a-equipos-agiles-casos-reales-de-exito.png\" alt=\"IA para equipos \u00e1giles: casos reales\"><\/a>\r\n\t\t\t\t\t\t\t\t<\/div>\r\n\t\t\t\t\t\t\t\t\t\t\t\t\t\t<div class=\"blog-block__content\">\r\n\t\t\t\t\t\t\t\t<div class=\"blog-details__taglist\"><\/div>\r\n\t\t\t\t\t\t\t\t<h4 class=\"blog-block__heading mb-15\">\r\n\t\t\t\t\t\t\t\t\t<a class=\"blog-block__heading-link\" href=\"https:\/\/www.quorli.com\/et\/ia-para-equipos-agiles-casos-reales\/\">\r\n\t\t\t\t\t\t\t\t\t\tTehisintellekt agiilsetele meeskondadele: p\u00e4ris juhtumid\t\t\t\t\t\t\t\t\t<\/a>\r\n\t\t\t\t\t\t\t\t<\/h4>\r\n\t\t\t\t\t\t\t\t<div class=\"blog-block__meta border-bottom-0\">\r\n\t\t\t\t\t\t\t\t\t<ul>\r\n\t\t\t\t\t\t\t\t\t\t<li>aprill 26, 2025<\/li>\r\n\t\t\t\t\t\t\t\t\t\t<li>0 kommentaari<\/li>\r\n\t\t\t\t\t\t\t\t\t<\/ul>\r\n\t\t\t\t\t\t\t\t<\/div>\r\n\t\t\t\t\t\t\t\t\t\t\t\t\t\t\t\t\t<a href=\"https:\/\/www.quorli.com\/et\/ia-para-equipos-agiles-casos-reales\/\" class=\"blog-block__link\">\r\n\t\t\t\t\t\t\t\t\t\tLoe edasi\t\t\t\t\t\t\t\t\t\t\t\t\t\t\t\t\t\t\t\t\t<i>\r\n\t\t\t\t\t\t\t\t\t\t\t\t<img decoding=\"async\" src=\"https:\/\/shthemes.net\/demosd\/zex\/wp-content\/uploads\/2024\/03\/arrow-icon.svg\" alt=\"\">\r\n\t\t\t\t\t\t\t\t\t\t\t<\/i>\r\n\t\t\t\t\t\t\t\t\t\t\t\t\t\t\t\t\t\t\t<\/a>\r\n\t\t\t\t\t\t\t\t\t\t\t\t\t\t\t<\/div>\r\n\t\t\t\t\t\t<\/div>\r\n\t\t\t\t\t<\/div>\r\n\t\t\t\t\t\t\t\t\t<\/div>\r\n\t\t\t<\/div>\r\n<\/section>\r\n\r\n\r\n\t\t\t\t<\/div>\n\t\t\t\t<\/div>\n\t\t\t\t\t<\/div>\n\t\t<\/div>\n\t\t\t\t\t<\/div>\n\t\t<\/section>\n\t\t\t\t<\/div>","protected":false},"excerpt":{"rendered":"<p>Blog Bienvenido al Blog de Quorli En este espacio exploramos c\u00f3mo la Inteligencia Artificial est\u00e1 transformando la creatividad, la productividad y el desarrollo digital.Aqu\u00ed encontrar\u00e1s&#8230; marzo 22, 2025 1 Comentario Leer m\u00e1s C\u00f3mo escribir con IA sin parecer robot abril 26, 2025 0 Comentarios Leer m\u00e1s Mejores prompts para dise\u00f1adores abril 26, 2025 0 Comentarios [&hellip;]<\/p>\n","protected":false},"author":1,"featured_media":0,"parent":0,"menu_order":0,"comment_status":"closed","ping_status":"closed","template":"page-templates\/zex-template-1.php","meta":{"inline_featured_image":false,"footnotes":""},"class_list":["post-60","page","type-page","status-publish","hentry"],"_links":{"self":[{"href":"https:\/\/www.quorli.com\/et\/wp-json\/wp\/v2\/pages\/60","targetHints":{"allow":["GET"]}}],"collection":[{"href":"https:\/\/www.quorli.com\/et\/wp-json\/wp\/v2\/pages"}],"about":[{"href":"https:\/\/www.quorli.com\/et\/wp-json\/wp\/v2\/types\/page"}],"author":[{"embeddable":true,"href":"https:\/\/www.quorli.com\/et\/wp-json\/wp\/v2\/users\/1"}],"replies":[{"embeddable":true,"href":"https:\/\/www.quorli.com\/et\/wp-json\/wp\/v2\/comments?post=60"}],"version-history":[{"count":7,"href":"https:\/\/www.quorli.com\/et\/wp-json\/wp\/v2\/pages\/60\/revisions"}],"predecessor-version":[{"id":1516,"href":"https:\/\/www.quorli.com\/et\/wp-json\/wp\/v2\/pages\/60\/revisions\/1516"}],"wp:attachment":[{"href":"https:\/\/www.quorli.com\/et\/wp-json\/wp\/v2\/media?parent=60"}],"curies":[{"name":"wp","href":"https:\/\/api.w.org\/{rel}","templated":true}]}}