{"id":919,"date":"2025-04-22T16:17:22","date_gmt":"2025-04-22T16:17:22","guid":{"rendered":"https:\/\/quorli.com\/?page_id=919"},"modified":"2025-08-09T23:44:49","modified_gmt":"2025-08-09T20:44:49","slug":"creditos","status":"publish","type":"page","link":"https:\/\/www.quorli.com\/et\/creditos\/","title":{"rendered":"Krediidid"},"content":{"rendered":"<div data-elementor-type=\"wp-page\" data-elementor-id=\"919\" class=\"elementor elementor-919\" data-elementor-post-type=\"page\">\n\t\t\t\t\t\t<section class=\"elementor-section elementor-top-section elementor-element elementor-element-025c753 elementor-section-full_width elementor-section-height-default elementor-section-height-default\" data-id=\"025c753\" data-element_type=\"section\" data-e-type=\"section\">\n\t\t\t\t\t\t<div class=\"elementor-container elementor-column-gap-no\">\n\t\t\t\t\t<div class=\"elementor-column elementor-col-100 elementor-top-column elementor-element elementor-element-c4987a5\" data-id=\"c4987a5\" data-element_type=\"column\" data-e-type=\"column\">\n\t\t\t<div class=\"elementor-widget-wrap elementor-element-populated\">\n\t\t\t\t\t\t<div class=\"elementor-element elementor-element-e5c46a5 pb-100 elementor-align-left elementor-widget elementor-widget-bdevs-pricing-section\" data-id=\"e5c46a5\" data-element_type=\"widget\" data-e-type=\"widget\" data-widget_type=\"bdevs-pricing-section.default\">\n\t\t\t\t<div class=\"elementor-widget-container\">\n\t\t\t\t\t\r\n<section id=\"price\" class=\"price pt-200 bg-no-repeat\" data-bg-image=\"https:\/\/www.quorli.com\/wp-content\/uploads\/2024\/03\/banner-gradient-shape.svg\">\r\n\t<div class=\"container\">\r\n\t\t<div class=\"row\">\r\n\t\t\t<div class=\"col-xl-6 mx-auto\">\r\n\t\t\t\t<div class=\"section-title section-title--style2 position-relative text-center mb-45\">\r\n\t\t\t\t\t\t\t\t\t\t\t<span class=\"section-title__small color2\"><div style=\"margin-top:90px\">\n  A\u00f1ade cr\u00e9ditos IA adicionales cuando los necesites<br>sin cambiar tu plan.\n<\/div>\n<\/span>\r\n\t\t\t\t\t\t\t\t\t\t\t\t\t\t\t\t<h2 class=\"section-title__big text-white mb-25\">\n<div style=\"margin-top:40px\">\n  Laienda oma v\u00f5imekust piiranguteta<br>\nKrediidid \/ \u00dchekordne makse\n<\/div><\/h2>\r\n\t\t\t\t\t\t\t\t\t\t<div class=\"price-switcher price-switcher--style2\">\r\n\t\t\t\t\t\t\t\t\t\t\t\t\t\t\t\t\t\t\t\t\t\t\t<\/div>\r\n\t\t\t\t<\/div>\r\n\t\t\t<\/div>\r\n\t\t<\/div>\r\n\t\t<div class=\"price-table\">\r\n\t\t\t<div class=\"price-content show\" id=\"monthly\">\r\n\t\t\t\t<div class=\"row\">\r\n\t\t\t\t\t\t\t\t\t\t\t<div class=\"col-xl-4 mb-30\">\r\n\t\t\t\t\t\t\t\t\t\t\t\t\t\t\t<div class=\"price-data price-data--style2\">\r\n\t\t\t\t\t\t\t\t\t\t\t\t\t\t\t\t\t\t\t\t\t\t\t\t\t\t<span class=\"price-data__type\">Impulso Creativo<\/span>\r\n\t\t\t\t\t\t\t\t\t\t\t\t\t\t\t\t\t\t\t\t\t\t\t\t\t\t\t\t<h4 class=\"price-data__price\">19\u20ac<\/h4>\r\n\t\t\t\t\t\t\t\t\t\t\t\t\t\t\t\t\t\t<ul class=\"price-data__details\">\r\n\t\t\t\t\t\t\t\t\t\t\t\t\t\t\t\t\t\t\t\t\t\t\t\t\t\t\t\t\t\t\t\t\t<li>\r\n\t\t\t\t\t\t\t\t\t\t\t\t\t\t\t\t\t\t\t\t\t\t\t\t\t\t\t<img decoding=\"async\" src=\"Prioriteeritud tugi (e-posti teel)\" alt=\"\">\r\n\t\t\t\t\t\t\t\t\t\t\t\t\t\t\t\t\t\t\t\t\t\t\t\t\t\t2 000 tehisintellekti krediiti\t\t\t\t\t\t\t\t\t\t\t\t<\/li>\r\n\t\t\t\t\t\t\t\t\t\t\t\t\t\t\t\t\t\t\t\t\t\t\t\t\t\t\t\t\t\t\t\t\t\t\t\t\t\t\t\t\t\t\t\t<li>\r\n\t\t\t\t\t\t\t\t\t\t\t\t\t\t\t\t\t\t\t\t\t\t\t\t\t\t\t<img decoding=\"async\" src=\"Prioriteeritud tugi (e-posti teel)\" alt=\"\">\r\n\t\t\t\t\t\t\t\t\t\t\t\t\t\t\t\t\t\t\t\t\t\t\t\t\t\tIdeaalne \u00fchekordsete kampaaniate jaoks \t\t\t\t\t\t\t\t\t\t\t\t<\/li>\r\n\t\t\t\t\t\t\t\t\t\t\t\t\t\t\t\t\t\t\t\t\t\t\t\t\t\t\t\t\t\t\t\t\t\t\t\t\t\t\t\t\t\t\t\t<li>\r\n\t\t\t\t\t\t\t\t\t\t\t\t\t\t\t\t\t\t\t\t\t\t\t\t\t\t\t<img decoding=\"async\" src=\"Prioriteeritud tugi (e-posti teel)\" alt=\"\">\r\n\t\t\t\t\t\t\t\t\t\t\t\t\t\t\t\t\t\t\t\t\t\t\t\t\t\tAutomatiseeri ilma kohustusteta\t\t\t\t\t\t\t\t\t\t\t\t<\/li>\r\n\t\t\t\t\t\t\t\t\t\t\t\t\t\t\t\t\t\t\t\t\t\t\t\t\t\t\t\t\t\t\t\t\t\t\t\t\t\t\t\t\t\t\t\t<li>\r\n\t\t\t\t\t\t\t\t\t\t\t\t\t\t\t\t\t\t\t\t\t\t\t\t\t\t\t<img decoding=\"async\" src=\"Prioriteeritud tugi (e-posti teel)\" alt=\"\">\r\n\t\t\t\t\t\t\t\t\t\t\t\t\t\t\t\t\t\t\t\t\t\t\t\t\t\tPole automaatseid uuendusi\t\t\t\t\t\t\t\t\t\t\t\t<\/li>\r\n\t\t\t\t\t\t\t\t\t\t\t\t\t\t\t\t\t\t\t\t\t\t\t\t\t\t\t\t\t\t<\/ul>\r\n\t\t\t\t\t\t\t\t\t\t\t\t\t\t\t\t\t\t\t<div class=\"price-data__button\">\r\n\t\t\t\t\t\t\t\t\t\t\t<a href=\"https:\/\/www.app.quorli.com\/app\/billing\/checkout\/019773b4-6326-70f6-bc8a-c126295b21e4\" class=\"bp-btn bp-btn--border\" target=\"_blank\" rel=\"noopener\">\r\n\t\t\t\t\t\t\t\t\t\t\t\t<span class=\"bp-btn__text\">Elegir Creativo<\/span>\r\n\t\t\t\t\t\t\t\t\t\t\t<\/a>\r\n\t\t\t\t\t\t\t\t\t\t<\/div>\r\n\t\t\t\t\t\t\t\t\t\t\t\t\t\t\t\t\t<\/div>\r\n\t\t\t\t\t\t<\/div>\r\n\t\t\t\t\t\t\t\t\t\t\t<div class=\"col-xl-4 mb-30\">\r\n\t\t\t\t\t\t\t\t\t\t\t\t\t\t\t<div class=\"price-data price-data--style2 price-data--middle\">\r\n\t\t\t\t\t\t\t\t\t\t\t\t\t\t\t\t\t\t\t\t\t\t\t\t\t\t<span class=\"price-data__type\">Video Max<\/span>\r\n\t\t\t\t\t\t\t\t\t\t\t\t\t\t\t\t\t\t\t\t\t\t\t\t\t\t\t\t<h4 class=\"price-data__price\">99\u20ac<\/h4>\r\n\t\t\t\t\t\t\t\t\t\t\t\t\t\t\t\t\t\t<ul class=\"price-data__details\">\r\n\t\t\t\t\t\t\t\t\t\t\t\t\t\t\t\t\t\t\t\t\t\t\t\t\t\t\t\t\t\t\t\t\t<li>\r\n\t\t\t\t\t\t\t\t\t\t\t\t\t\t\t\t\t\t\t\t\t\t\t\t\t\t\t<img decoding=\"async\" src=\"45 000 krediiti \/ kuu\" alt=\"\">\r\n\t\t\t\t\t\t\t\t\t\t\t\t\t\t\t\t\t\t\t\t\t\t\t\t\t\t10.000 AI credits\t\t\t\t\t\t\t\t\t\t\t\t<\/li>\r\n\t\t\t\t\t\t\t\t\t\t\t\t\t\t\t\t\t\t\t\t\t\t\t\t\t\t\t\t\t\t\t\t\t\t\t\t\t\t\t\t\t\t\t\t<li>\r\n\t\t\t\t\t\t\t\t\t\t\t\t\t\t\t\t\t\t\t\t\t\t\t\t\t\t\t<img decoding=\"async\" src=\"45 000 krediiti \/ kuu\" alt=\"\">\r\n\t\t\t\t\t\t\t\t\t\t\t\t\t\t\t\t\t\t\t\t\t\t\t\t\t\tSuur maht br\u00e4ndidele\t\t\t\t\t\t\t\t\t\t\t\t<\/li>\r\n\t\t\t\t\t\t\t\t\t\t\t\t\t\t\t\t\t\t\t\t\t\t\t\t\t\t\t\t\t\t\t\t\t\t\t\t\t\t\t\t\t\t\t\t<li>\r\n\t\t\t\t\t\t\t\t\t\t\t\t\t\t\t\t\t\t\t\t\t\t\t\t\t\t\t<img decoding=\"async\" src=\"45 000 krediiti \/ kuu\" alt=\"\">\r\n\t\t\t\t\t\t\t\t\t\t\t\t\t\t\t\t\t\t\t\t\t\t\t\t\t\tS\u00e4\u00e4sta \u00fcle 35% krediidi kohta, Ideaalne aktiivsetele loojatele ja br\u00e4ndidele\t\t\t\t\t\t\t\t\t\t\t\t<\/li>\r\n\t\t\t\t\t\t\t\t\t\t\t\t\t\t\t\t\t\t\t\t\t\t\t\t\t\t\t\t\t\t\t\t\t\t\t\t\t\t\t\t\t\t\t\t<li>\r\n\t\t\t\t\t\t\t\t\t\t\t\t\t\t\t\t\t\t\t\t\t\t\t\t\t\t\t<img decoding=\"async\" src=\"45 000 krediiti \/ kuu\" alt=\"\">\r\n\t\t\t\t\t\t\t\t\t\t\t\t\t\t\t\t\t\t\t\t\t\t\t\t\t\tPole automaatseid uuendusi\t\t\t\t\t\t\t\t\t\t\t\t<\/li>\r\n\t\t\t\t\t\t\t\t\t\t\t\t\t\t\t\t\t\t\t\t\t\t\t\t\t\t\t\t\t\t<\/ul>\r\n\t\t\t\t\t\t\t\t\t\t\t\t\t\t\t\t\t\t\t<div class=\"price-data__button\">\r\n\t\t\t\t\t\t\t\t\t\t\t<a href=\"https:\/\/www.app.quorli.com\/app\/billing\/checkout\/019773b6-02f0-7352-97e9-9b1b80f234e0\" class=\"bp-btn bp-btn--border\" target=\"_blank\" rel=\"noopener\">\r\n\t\t\t\t\t\t\t\t\t\t\t\t<span class=\"bp-btn__text\">Elegir Video<\/span>\r\n\t\t\t\t\t\t\t\t\t\t\t<\/a>\r\n\t\t\t\t\t\t\t\t\t\t<\/div>\r\n\t\t\t\t\t\t\t\t\t\t\t\t\t\t\t\t\t<\/div>\r\n\t\t\t\t\t\t<\/div>\r\n\t\t\t\t\t\t\t\t\t\t\t<div class=\"col-xl-4 mb-30\">\r\n\t\t\t\t\t\t\t\t\t\t\t\t\t\t\t<div class=\"price-data price-data--style2\">\r\n\t\t\t\t\t\t\t\t\t\t\t\t\t\t\t\t\t\t\t\t\t\t\t\t\t\t<span class=\"price-data__type\">Visi\u00f3n Pro<\/span>\r\n\t\t\t\t\t\t\t\t\t\t\t\t\t\t\t\t\t\t\t\t\t\t\t\t\t\t\t\t<h4 class=\"price-data__price\">49\u20ac<\/h4>\r\n\t\t\t\t\t\t\t\t\t\t\t\t\t\t\t\t\t\t<ul class=\"price-data__details\">\r\n\t\t\t\t\t\t\t\t\t\t\t\t\t\t\t\t\t\t\t\t\t\t\t\t\t\t\t\t\t\t\t\t\t<li>\r\n\t\t\t\t\t\t\t\t\t\t\t\t\t\t\t\t\t\t\t\t\t\t\t\t\t\t\t<img decoding=\"async\" src=\"Prioriteeritud tugi (e-posti teel)\" alt=\"\">\r\n\t\t\t\t\t\t\t\t\t\t\t\t\t\t\t\t\t\t\t\t\t\t\t\t\t\t5.000 AI credits\t\t\t\t\t\t\t\t\t\t\t\t<\/li>\r\n\t\t\t\t\t\t\t\t\t\t\t\t\t\t\t\t\t\t\t\t\t\t\t\t\t\t\t\t\t\t\t\t\t\t\t\t\t\t\t\t\t\t\t\t<li>\r\n\t\t\t\t\t\t\t\t\t\t\t\t\t\t\t\t\t\t\t\t\t\t\t\t\t\t\t<img decoding=\"async\" src=\"Prioriteeritud tugi (e-posti teel)\" alt=\"\">\r\n\t\t\t\t\t\t\t\t\t\t\t\t\t\t\t\t\t\t\t\t\t\t\t\t\t\tSkaleeri projekte koos tiimiga\t\t\t\t\t\t\t\t\t\t\t\t<\/li>\r\n\t\t\t\t\t\t\t\t\t\t\t\t\t\t\t\t\t\t\t\t\t\t\t\t\t\t\t\t\t\t\t\t\t\t\t\t\t\t\t\t\t\t\t\t<li>\r\n\t\t\t\t\t\t\t\t\t\t\t\t\t\t\t\t\t\t\t\t\t\t\t\t\t\t\t<img decoding=\"async\" src=\"Prioriteeritud tugi (e-posti teel)\" alt=\"\">\r\n\t\t\t\t\t\t\t\t\t\t\t\t\t\t\t\t\t\t\t\t\t\t\t\t\t\tIdeaalne kasvavatele loojatele\t\t\t\t\t\t\t\t\t\t\t\t<\/li>\r\n\t\t\t\t\t\t\t\t\t\t\t\t\t\t\t\t\t\t\t\t\t\t\t\t\t\t\t\t\t\t\t\t\t\t\t\t\t\t\t\t\t\t\t\t<li>\r\n\t\t\t\t\t\t\t\t\t\t\t\t\t\t\t\t\t\t\t\t\t\t\t\t\t\t\t<img decoding=\"async\" src=\"Prioriteeritud tugi (e-posti teel)\" alt=\"\">\r\n\t\t\t\t\t\t\t\t\t\t\t\t\t\t\t\t\t\t\t\t\t\t\t\t\t\tPole automaatseid uuendusi\t\t\t\t\t\t\t\t\t\t\t\t<\/li>\r\n\t\t\t\t\t\t\t\t\t\t\t\t\t\t\t\t\t\t\t\t\t\t\t\t\t\t\t\t\t\t<\/ul>\r\n\t\t\t\t\t\t\t\t\t\t\t\t\t\t\t\t\t\t\t<div class=\"price-data__button\">\r\n\t\t\t\t\t\t\t\t\t\t\t<a href=\"https:\/\/www.app.quorli.com\/app\/billing\/checkout\/019773b4-6326-70f6-bc8a-c126295b21e4\" class=\"bp-btn bp-btn--border\" target=\"_blank\" rel=\"noopener\">\r\n\t\t\t\t\t\t\t\t\t\t\t\t<span class=\"bp-btn__text\">Elegir Visi\u00f3n<\/span>\r\n\t\t\t\t\t\t\t\t\t\t\t<\/a>\r\n\t\t\t\t\t\t\t\t\t\t<\/div>\r\n\t\t\t\t\t\t\t\t\t\t\t\t\t\t\t\t\t<\/div>\r\n\t\t\t\t\t\t<\/div>\r\n\t\t\t\t\t\t\t\t\t<\/div>\r\n\t\t\t<\/div>\r\n\r\n\t\t\t<div class=\"price-content\" id=\"yearly\">\r\n\t\t\t\t<div class=\"row\">\r\n\t\t\t\t\t\t\t\t\t\t\t<div class=\"col-xl-4 mb-30\">\r\n\t\t\t\t\t\t\t\t\t\t\t\t\t\t\t<div class=\"price-data price-data--style2\">\r\n\t\t\t\t\t\t\t\t\t\t\t\t\t\t\t\t\t\t\t\t\t\t\t\t\t\t\t\t\t\t\t\t\t\t<ul class=\"price-data__details\">\r\n\t\t\t\t\t\t\t\t\t\t\t\t\t\t\t\t\t\t\t\t\t\t\t\t\t\t\t\t\t\t\t\t\t\t\t\t\t\t\t\t\t\t\t\t\t\t\t\t\t\t\t\t\t\t\t\t\t\t\t\t\t\t\t\t\t\t\t\t\t\t\t\t\t\t\t\t\t\t\t\t\t\t\t\t\t\t\t\t\t\t\t\t\t\t\t\t\t\t\t\t\t\t\t\t\t\t\t\t\t\t\t\t\t\t\t\t\t\t\t\t\t\t\t\t<\/ul>\r\n\t\t\t\t\t\t\t\t\t\t\t\t\t\t\t\t\t<\/div>\r\n\t\t\t\t\t\t<\/div>\r\n\t\t\t\t\t\t\t\t\t<\/div>\r\n\t\t\t<\/div>\r\n\t\t<\/div>\r\n\t<\/div>\r\n<\/section>\r\n\r\n\r\n\t\t\t\t<\/div>\n\t\t\t\t<\/div>\n\t\t\t\t\t<\/div>\n\t\t<\/div>\n\t\t\t\t\t<\/div>\n\t\t<\/section>\n\t\t\t\t<section class=\"elementor-section elementor-top-section elementor-element elementor-element-1821890 elementor-section-full_width elementor-section-height-default elementor-section-height-default\" data-id=\"1821890\" data-element_type=\"section\" data-e-type=\"section\">\n\t\t\t\t\t\t<div class=\"elementor-container elementor-column-gap-no\">\n\t\t\t\t\t<div class=\"elementor-column elementor-col-100 elementor-top-column elementor-element elementor-element-ae8adad\" data-id=\"ae8adad\" data-element_type=\"column\" data-e-type=\"column\">\n\t\t\t<div class=\"elementor-widget-wrap elementor-element-populated\">\n\t\t\t\t\t\t<div class=\"elementor-element elementor-element-14e9552 elementor-align-left elementor-widget elementor-widget-bdevs-blog-section\" data-id=\"14e9552\" data-element_type=\"widget\" data-e-type=\"widget\" data-widget_type=\"bdevs-blog-section.default\">\n\t\t\t\t<div class=\"elementor-widget-container\">\n\t\t\t\t\t\r\n<section id=\"blog\" class=\"blog\">\r\n\t<div class=\"container\">\r\n\t\t<div class=\"row align-items-center\">\r\n\t\t\t\t\t\t\t\t\t\t\t\t<div class=\"col-lg-6 mb-30\">\r\n\t\t\t\t\t\t\t\t\t\t<div class=\"section-title text-md-center text-lg-start\">\r\n\t\t\t\t\t\t\t\t\r\n\t\t\t\t\t\t\t\t<span class=\"section-title__small color2\">Meie blogist<\/span>\r\n\t\t\t\t\t\t\t\t\t\t\t\t\t\t\t\t\t\t\t\t\t\r\n\t\t\t\t\t\t\t\t<h2 class=\"section-title__big text-white mb-0\">Uudised ja artiklid<\/h2>\r\n\t\t\t\t\t\t\t\t\t\t\t\t\t<\/div>\r\n\t\t\t\t\t<\/div>\r\n\t\t\t\t\t\t\t\t\t\t\t\t\t\t\t<div class=\"col-lg-6 mb-30\">\r\n\t\t\t\t\t\t\t\t\t\t<div class=\"section-btn text-lg-end text-md-center\">\r\n\t\t\t\t\t\t\t<a href=\"https:\/\/www.quorli.com\/blog\/\" class=\"bp-btn bp-btn--border\">\r\n\t\t\t\t\t\t\t\t<span class=\"bp-btn__text\">Vaata k\u00f5iki<\/span>\r\n\t\t\t\t\t\t\t<\/a>\r\n\t\t\t\t\t\t<\/div>\r\n\t\t\t\t\t<\/div>\r\n\t\t\t\t\t<\/div>\r\n\t\t<div class=\"row\">\r\n\t\t\t\t\t\t\t<div class=\"col-lg-6 mb-30\">\r\n\t\t\t\t\t<div class=\"blog-block black-bg\">\r\n\t\t\t\t\t\t<h4 class=\"blog-block__heading mb-15\">\r\n\t\t\t\t\t\t\t<a class=\"blog-block__heading-link\" href=\"https:\/\/www.quorli.com\/et\/hello-world\/\">\r\n\t\t\t\t\t\t\t\tTere tulemast Quorli blogisse\t\t\t\t\t\t\t<\/a>\r\n\t\t\t\t\t\t<\/h4>\r\n\t\t\t\t\t\t<p class=\"blog-block__text black-100\">\r\n\t\t\t\t\t\t\t\t\t\t\t\t\t\t\t\t\t\t\t\t\t\t\tSiin uurime, kuidas tehisintellekt muudab loovust, tootlikkust ja digitaalset arengut.\nSiit leiad...\t\t\t\t\t\t\t\t\t\t\t\t\t<\/p>\r\n\t\t\t\t\t\t\t\t\t\t\t\t\t<a href=\"https:\/\/www.quorli.com\/et\/hello-world\/\" class=\"blog-block__link\">\r\n\t\t\t\t\t\t\t\tLoe edasi\t\t\t\t\t\t\t\t\t\t\t\t\t\t\t\t\t<i>\r\n\t\t\t\t\t\t\t\t\t\t<img decoding=\"async\" src=\"https:\/\/shthemes.net\/demosd\/zex\/wp-content\/uploads\/2024\/03\/arrow-icon.svg\" alt=\"\">\r\n\t\t\t\t\t\t\t\t\t<\/i>\r\n\t\t\t\t\t\t\t\t\t\t\t\t\t\t\t<\/a>\r\n\t\t\t\t\t\t\t\t\t\t\t<\/div>\r\n\t\t\t\t<\/div>\r\n\t\t\t\t\t\t\t<div class=\"col-lg-6 mb-30\">\r\n\t\t\t\t\t<div class=\"blog-block black-bg\">\r\n\t\t\t\t\t\t<h4 class=\"blog-block__heading mb-15\">\r\n\t\t\t\t\t\t\t<a class=\"blog-block__heading-link\" href=\"https:\/\/www.quorli.com\/et\/como-escribir-con-ia-sin-parecer-robot\/\">\r\n\t\t\t\t\t\t\t\tKuidas kirjutada tehisintellektiga, ilma robotina k\u00f5lamata\t\t\t\t\t\t\t<\/a>\r\n\t\t\t\t\t\t<\/h4>\r\n\t\t\t\t\t\t<p class=\"blog-block__text black-100\">\r\n\t\t\t\t\t\t\t\t\t\t\t\t\t\t\tAvasta, kuidas kirjutada tehisintellekti abil inimlikult. V\u00e4ldi robotlikku k\u00f5la ja loo \u00fchendus oma publikuga.\t\t\t\t\t\t\t\t\t\t\t\t\t<\/p>\r\n\t\t\t\t\t\t\t\t\t\t\t\t\t<a href=\"https:\/\/www.quorli.com\/et\/como-escribir-con-ia-sin-parecer-robot\/\" class=\"blog-block__link\">\r\n\t\t\t\t\t\t\t\tLoe edasi\t\t\t\t\t\t\t\t\t\t\t\t\t\t\t\t\t<i>\r\n\t\t\t\t\t\t\t\t\t\t<img decoding=\"async\" src=\"https:\/\/shthemes.net\/demosd\/zex\/wp-content\/uploads\/2024\/03\/arrow-icon.svg\" alt=\"\">\r\n\t\t\t\t\t\t\t\t\t<\/i>\r\n\t\t\t\t\t\t\t\t\t\t\t\t\t\t\t<\/a>\r\n\t\t\t\t\t\t\t\t\t\t\t<\/div>\r\n\t\t\t\t<\/div>\r\n\t\t\t\t\t<\/div>\r\n\t<\/div>\r\n<\/section>\r\n\r\n\r\n\t\t\t\t<\/div>\n\t\t\t\t<\/div>\n\t\t\t\t\t<\/div>\n\t\t<\/div>\n\t\t\t\t\t<\/div>\n\t\t<\/section>\n\t\t\t\t<section class=\"elementor-section elementor-top-section elementor-element elementor-element-7a0257c elementor-section-full_width elementor-section-height-default elementor-section-height-default\" data-id=\"7a0257c\" data-element_type=\"section\" data-e-type=\"section\">\n\t\t\t\t\t\t<div class=\"elementor-container elementor-column-gap-no\">\n\t\t\t\t\t<div class=\"elementor-column elementor-col-100 elementor-top-column elementor-element elementor-element-92cd06a\" data-id=\"92cd06a\" data-element_type=\"column\" data-e-type=\"column\">\n\t\t\t<div class=\"elementor-widget-wrap elementor-element-populated\">\n\t\t\t\t\t\t<div class=\"elementor-element elementor-element-50b203a elementor-align-left elementor-widget elementor-widget-bdevs-newsletter-section-1\" data-id=\"50b203a\" data-element_type=\"widget\" data-e-type=\"widget\" data-widget_type=\"bdevs-newsletter-section-1.default\">\n\t\t\t\t<div class=\"elementor-widget-container\">\n\t\t\t\t\t\r\n<section id=\"newsletter\" class=\"newsletter\">\r\n\t<div class=\"container\">\r\n\t\t<div class=\"row\">\r\n\t\t\t<div class=\"col-12\">\r\n\t\t\t\t<div class=\"newsletter__wrapper\">\r\n\t\t\t\t\t<div class=\"row align-items-center\">\r\n\t\t\t\t\t\t<div class=\"col-lg-6 mb-20\">\r\n\t\t\t\t\t\t\t<div class=\"newsletter__left\">\r\n\t\t\t\t\t\t\t\t<div class=\"section-title section-title--black\">\r\n\t\t\t\t\t\t\t\t\t\t\t\t\t\t\t\t\t\t\t<span class=\"section-title__small2 black-900\">Suscr\u00edbete para recibir actualizaciones!<\/span>\r\n\t\t\t\t\t\t\t\t\t\t\t\t\t\t\t\t\t\t\t\t\t\t\t\t\t\t\t\t<h2 class=\"section-title__big mb-0 black-900\">Saa ligip\u00e4\u00e4s tehisintellekti ideedele ja uuendustele.<\/h2>\r\n\t\t\t\t\t\t\t\t\t\t\t\t\t\t\t\t\t<\/div>\r\n\t\t\t\t\t\t\t<\/div>\r\n\t\t\t\t\t\t<\/div>\r\n\t\t\t\t\t\t<div class=\"col-lg-6 mb-20\">\r\n\t\t\t\t\t\t\t\n<div class=\"wpcf7 no-js\" id=\"wpcf7-f74-o1\" lang=\"en-US\" dir=\"ltr\" data-wpcf7-id=\"74\">\n<div class=\"screen-reader-response\"><p role=\"status\" aria-live=\"polite\" aria-atomic=\"true\"><\/p> <ul><\/ul><\/div>\n<form action=\"\/et\/wp-json\/wp\/v2\/pages\/919#wpcf7-f74-o1\" method=\"post\" class=\"wpcf7-form init\" aria-label=\"Contact form\" novalidate=\"novalidate\" data-status=\"init\" data-trp-original-action=\"\/et\/wp-json\/wp\/v2\/pages\/919#wpcf7-f74-o1\">\n<fieldset class=\"hidden-fields-container\"><input type=\"hidden\" name=\"_wpcf7\" value=\"74\" \/><input type=\"hidden\" name=\"_wpcf7_version\" value=\"6.1.5\" \/><input type=\"hidden\" name=\"_wpcf7_locale\" value=\"en_US\" \/><input type=\"hidden\" name=\"_wpcf7_unit_tag\" value=\"wpcf7-f74-o1\" \/><input type=\"hidden\" name=\"_wpcf7_container_post\" value=\"0\" \/><input type=\"hidden\" name=\"_wpcf7_posted_data_hash\" value=\"\" \/><input type=\"hidden\" name=\"_wpcf7_recaptcha_response\" value=\"\" \/>\n<\/fieldset>\n<div class=\"newsletter-form\">\n\t<div class=\"newsletter-form__header position-relative mb-15\">\n\t\t<input size=\"40\" maxlength=\"400\" class=\"wpcf7-form-control wpcf7-email wpcf7-validates-as-required wpcf7-text wpcf7-validates-as-email newsletter-form__field\" aria-required=\"true\" aria-invalid=\"false\" placeholder=\"Sisesta oma e-posti aadress..\" value=\"\" type=\"email\" name=\"your-email\" \/>\n\t\t<input class=\"wpcf7-form-control wpcf7-submit has-spinner newsletter-form__button fas\" type=\"submit\" value=\"&#xf1d8;\" \/>\n\t<\/div>\n<\/div><div class=\"wpcf7-response-output\" aria-hidden=\"true\"><\/div>\n<input type=\"hidden\" name=\"trp-form-language\" value=\"et\"\/><\/form>\n<\/div>\n\t\t\t\t\t\t<\/div>\r\n\t\t\t\t\t<\/div>\r\n\t\t\t\t<\/div>\r\n\t\t\t<\/div>\r\n\t\t<\/div>\r\n\t<\/div>\r\n<\/section>\r\n\r\n\r\n\t\t\t\t<\/div>\n\t\t\t\t<\/div>\n\t\t\t\t\t<\/div>\n\t\t<\/div>\n\t\t\t\t\t<\/div>\n\t\t<\/section>\n\t\t\t\t<\/div>","protected":false},"excerpt":{"rendered":"<p>A\u00f1ade cr\u00e9ditos IA adicionales cuando los necesitessin cambiar tu plan. Ampl\u00eda tu capacidad sin l\u00edmites Cr\u00e9ditos \/ Pago \u00fanico Impulso Creativo 19\u20ac 2.000 cr\u00e9ditos IA Ideal para campa\u00f1as puntuales Automatiza sin compromiso Sin renovaciones autom\u00e1ticas. Elegir Creativo Video Max 99\u20ac 10.000 cr\u00e9ditos IA Alta capacidad para marcas Ahorra m\u00e1s de un 35% por cr\u00e9dito. Ideal [&hellip;]<\/p>\n","protected":false},"author":1,"featured_media":0,"parent":0,"menu_order":0,"comment_status":"closed","ping_status":"closed","template":"page-templates\/zex-template-1.php","meta":{"inline_featured_image":false,"footnotes":""},"class_list":["post-919","page","type-page","status-publish","hentry"],"_links":{"self":[{"href":"https:\/\/www.quorli.com\/et\/wp-json\/wp\/v2\/pages\/919","targetHints":{"allow":["GET"]}}],"collection":[{"href":"https:\/\/www.quorli.com\/et\/wp-json\/wp\/v2\/pages"}],"about":[{"href":"https:\/\/www.quorli.com\/et\/wp-json\/wp\/v2\/types\/page"}],"author":[{"embeddable":true,"href":"https:\/\/www.quorli.com\/et\/wp-json\/wp\/v2\/users\/1"}],"replies":[{"embeddable":true,"href":"https:\/\/www.quorli.com\/et\/wp-json\/wp\/v2\/comments?post=919"}],"version-history":[{"count":86,"href":"https:\/\/www.quorli.com\/et\/wp-json\/wp\/v2\/pages\/919\/revisions"}],"predecessor-version":[{"id":1858,"href":"https:\/\/www.quorli.com\/et\/wp-json\/wp\/v2\/pages\/919\/revisions\/1858"}],"wp:attachment":[{"href":"https:\/\/www.quorli.com\/et\/wp-json\/wp\/v2\/media?parent=919"}],"curies":[{"name":"wp","href":"https:\/\/api.w.org\/{rel}","templated":true}]}}